{"id":39,"date":"2023-10-10T14:07:44","date_gmt":"2023-10-10T14:07:44","guid":{"rendered":"https:\/\/kath-gesellenhaus.de\/?page_id=39"},"modified":"2024-08-01T09:03:07","modified_gmt":"2024-08-01T09:03:07","slug":"home","status":"publish","type":"page","link":"https:\/\/kath-gesellenhaus.de\/en\/","title":{"rendered":"Home"},"content":{"rendered":"<p>[et_pb_section fb_built=&#8220;1&#8243; fullwidth=&#8220;on&#8220; _builder_version=&#8220;4.17.4&#8243; _module_preset=&#8220;default&#8220; global_colors_info=&#8220;{}&#8220;][et_pb_fullwidth_slider _builder_version=&#8220;4.21.0&#8243; _module_preset=&#8220;default&#8220; auto=&#8220;on&#8220; border_color_all=&#8220;#E09900&#8243; global_colors_info=&#8220;{}&#8220;][et_pb_slide _builder_version=&#8220;4.21.0&#8243; _module_preset=&#8220;default&#8220; header_level=&#8220;h1&#8243; header_font=&#8220;Rubik|700|||||||&#8220; header_text_align=&#8220;left&#8220; header_font_size=&#8220;64px&#8220; background_enable_color=&#8220;off&#8220; background_image=&#8220;https:\/\/kath-gesellenhaus.de\/wp-content\/uploads\/2023\/10\/KGH-Titel_START_01.jpg&#8220; background_enable_image=&#8220;on&#8220; width=&#8220;60%&#8220; global_colors_info=&#8220;{}&#8220; sticky_transition=&#8220;on&#8220;]<\/p>\n<p>&nbsp;<\/p>\n<p>&nbsp;<\/p>\n<p>&nbsp;<\/p>\n<p>&nbsp;<\/p>\n<p>&nbsp;<\/p>\n<p>&nbsp;<\/p>\n<p>&nbsp;<\/p>\n<p>[\/et_pb_slide][et_pb_slide _builder_version=&#8220;4.21.0&#8243; _module_preset=&#8220;default&#8220; header_level=&#8220;h1&#8243; header_font=&#8220;Rubik|700|||||||&#8220; header_text_align=&#8220;left&#8220; header_font_size=&#8220;64px&#8220; background_enable_color=&#8220;off&#8220; background_image=&#8220;https:\/\/kath-gesellenhaus.de\/wp-content\/uploads\/2023\/10\/KGH-Titel_START_02.jpg&#8220; background_enable_image=&#8220;on&#8220; width=&#8220;60%&#8220; global_colors_info=&#8220;{}&#8220; sticky_transition=&#8220;on&#8220;]<\/p>\n<p>&nbsp;<\/p>\n<p>&nbsp;<\/p>\n<p>&nbsp;<\/p>\n<p>[\/et_pb_slide][et_pb_slide _builder_version=&#8220;4.21.0&#8243; _module_preset=&#8220;default&#8220; header_level=&#8220;h1&#8243; header_font=&#8220;Rubik|700|||||||&#8220; header_text_align=&#8220;left&#8220; header_font_size=&#8220;64px&#8220; background_enable_color=&#8220;off&#8220; background_image=&#8220;https:\/\/kath-gesellenhaus.de\/wp-content\/uploads\/2023\/10\/KGH-Titel_START_03.jpg&#8220; background_enable_image=&#8220;on&#8220; width=&#8220;60%&#8220; global_colors_info=&#8220;{}&#8220; sticky_transition=&#8220;on&#8220;]<\/p>\n<p>&nbsp;<\/p>\n<p>&nbsp;<\/p>\n<p>&nbsp;<\/p>\n<p>[\/et_pb_slide][et_pb_slide _builder_version=&#8220;4.21.0&#8243; _module_preset=&#8220;default&#8220; header_level=&#8220;h1&#8243; header_font=&#8220;Rubik|700|||||||&#8220; header_text_align=&#8220;left&#8220; header_font_size=&#8220;64px&#8220; body_font=&#8220;Rubik||||||||&#8220; background_enable_color=&#8220;off&#8220; background_image=&#8220;https:\/\/kath-gesellenhaus.de\/wp-content\/uploads\/2023\/10\/KGH-Titel_START_04.jpg&#8220; background_enable_image=&#8220;on&#8220; width=&#8220;60%&#8220; global_colors_info=&#8220;{}&#8220; sticky_transition=&#8220;on&#8220;]<\/p>\n<p>&nbsp;<\/p>\n<p>&nbsp;<\/p>\n<p>&nbsp;<\/p>\n<p>[\/et_pb_slide][et_pb_slide _builder_version=&#8220;4.21.0&#8243; _module_preset=&#8220;default&#8220; header_level=&#8220;h1&#8243; header_font=&#8220;Rubik|700|||||||&#8220; header_text_align=&#8220;left&#8220; header_font_size=&#8220;64px&#8220; body_font=&#8220;Rubik||||||||&#8220; background_enable_color=&#8220;off&#8220; background_image=&#8220;https:\/\/kath-gesellenhaus.de\/wp-content\/uploads\/2023\/10\/KGH-Titel_START_05.jpg&#8220; background_enable_image=&#8220;on&#8220; width=&#8220;60%&#8220; global_colors_info=&#8220;{}&#8220; sticky_transition=&#8220;on&#8220;]<\/p>\n<p>&nbsp;<\/p>\n<p>&nbsp;<\/p>\n<p>&nbsp;<\/p>\n<p>[\/et_pb_slide][\/et_pb_fullwidth_slider][\/et_pb_section][et_pb_section fb_built=&#8220;1&#8243; admin_label=&#8220; Get a Quote&#8220; _builder_version=&#8220;4.16&#8243; _module_preset=&#8220;default&#8220; custom_padding=&#8220;20px|0px|20px|0px|true|false&#8220; animation_style=&#8220;slide&#8220; animation_direction=&#8220;top&#8220; animation_intensity_slide=&#8220;10%&#8220; box_shadow_style=&#8220;preset3&#8243; box_shadow_vertical=&#8220;10px&#8220; box_shadow_blur=&#8220;105px&#8220; box_shadow_spread=&#8220;0px&#8220; box_shadow_color=&#8220;rgba(0,0,0,0.12)&#8220; global_colors_info=&#8220;{}&#8220;][et_pb_row _builder_version=&#8220;4.20.0&#8243; _module_preset=&#8220;default&#8220; background_color=&#8220;#ffffff&#8220; custom_margin=&#8220;|||&#8220; global_colors_info=&#8220;{}&#8220;][et_pb_column type=&#8220;4_4&#8243; _builder_version=&#8220;4.20.0&#8243; _module_preset=&#8220;default&#8220; custom_padding=&#8220;|||&#8220; global_colors_info=&#8220;{}&#8220; custom_padding__hover=&#8220;|||&#8220;][et_pb_text _builder_version=&#8220;4.20.0&#8243; _module_preset=&#8220;default&#8220; header_font=&#8220;||||||||&#8220; header_2_font=&#8220;Rubik|700|||||||&#8220; header_2_font_size=&#8220;42px&#8220; header_2_line_height=&#8220;1.2em&#8220; header_2_font_size_tablet=&#8220;&#8220; header_2_font_size_phone=&#8220;36px&#8220; header_2_font_size_last_edited=&#8220;on|phone&#8220; global_colors_info=&#8220;{}&#8220;]<\/p>\n<h2 style=\"text-align: center;\">Herzlich willkommen beim <br \/>Verein Katholisches Gesellenhaus!<\/h2>\n<p>[\/et_pb_text][\/et_pb_column][\/et_pb_row][et_pb_row _builder_version=&#8220;4.20.0&#8243; _module_preset=&#8220;default&#8220; global_colors_info=&#8220;{}&#8220;][et_pb_column type=&#8220;4_4&#8243; _builder_version=&#8220;4.20.0&#8243; _module_preset=&#8220;default&#8220; global_colors_info=&#8220;{}&#8220;][et_pb_text _builder_version=&#8220;4.20.0&#8243; _module_preset=&#8220;default&#8220; header_font=&#8220;||||||||&#8220; header_2_font=&#8220;Rubik|700|||||||&#8220; header_2_font_size=&#8220;42px&#8220; header_2_line_height=&#8220;1.2em&#8220; header_2_font_size_tablet=&#8220;&#8220; header_2_font_size_phone=&#8220;36px&#8220; header_2_font_size_last_edited=&#8220;on|phone&#8220; global_colors_info=&#8220;{}&#8220;]<\/p>\n<p style=\"text-align: center;\">Zentral im Herzen der Stadt D\u00fcsseldorf gelegen, bieten unsere Einrichtungen moderne Wohnm\u00f6glichkeiten f\u00fcr Menschen in der Ausbildung, im Studium oder w\u00e4hrend eines Praktikums. Unser Hotel beherbergt gerne G\u00e4ste aus aller Welt und ist ein idealer Ort f\u00fcr Events und Tagungen.<\/p>\n<p>[\/et_pb_text][\/et_pb_column][\/et_pb_row][et_pb_row column_structure=&#8220;1_3,1_3,1_3&#8243; _builder_version=&#8220;4.20.0&#8243; _module_preset=&#8220;default&#8220; global_colors_info=&#8220;{}&#8220;][et_pb_column type=&#8220;1_3&#8243; _builder_version=&#8220;4.20.0&#8243; _module_preset=&#8220;default&#8220; global_colors_info=&#8220;{}&#8220;][et_pb_text _builder_version=&#8220;4.27.0&#8243; _module_preset=&#8220;default&#8220; hover_enabled=&#8220;0&#8243; global_colors_info=&#8220;{}&#8220; sticky_enabled=&#8220;0&#8243;]<\/p>\n<h3 style=\"text-align: center;\"><strong>Jugendwohnheim Kolpinghaus<\/strong><\/h3>\n<p style=\"text-align: left;\">104 Pl\u00e4tze im Azubi- und Jugendwohnen mit p\u00e4dagogischer Begleitung zum Teil als Miniapartments mit Bad und Kitchenette<\/p>\n<p>[\/et_pb_text][\/et_pb_column][et_pb_column type=&#8220;1_3&#8243; _builder_version=&#8220;4.20.0&#8243; _module_preset=&#8220;default&#8220; global_colors_info=&#8220;{}&#8220;][et_pb_text _builder_version=&#8220;4.20.1&#8243; _module_preset=&#8220;default&#8220; global_colors_info=&#8220;{}&#8220;]<\/p>\n<h3 style=\"text-align: center;\"><strong>Junges Wohnen im <\/strong><\/h3>\n<h3 style=\"text-align: center;\"><strong>Townhouse D\u00fcsseldorf<\/strong><\/h3>\n<p style=\"text-align: left;\">42 Miniapartments mit Bad und Kitchenette<\/p>\n<p>[\/et_pb_text][\/et_pb_column][et_pb_column type=&#8220;1_3&#8243; _builder_version=&#8220;4.20.0&#8243; _module_preset=&#8220;default&#8220; global_colors_info=&#8220;{}&#8220;][et_pb_text _builder_version=&#8220;4.20.0&#8243; _module_preset=&#8220;default&#8220; global_colors_info=&#8220;{}&#8220;]<\/p>\n<h3 style=\"text-align: center;\"><strong>Townhouse D\u00fcsseldorf<\/strong><\/h3>\n<p style=\"text-align: left;\">Hotel und R\u00e4ume f\u00fcr Tagungen und Events.<\/p>\n<p>[\/et_pb_text][\/et_pb_column][\/et_pb_row][et_pb_row column_structure=&#8220;1_3,1_3,1_3&#8243; _builder_version=&#8220;4.20.0&#8243; _module_preset=&#8220;default&#8220; global_colors_info=&#8220;{}&#8220;][et_pb_column type=&#8220;1_3&#8243; _builder_version=&#8220;4.20.0&#8243; _module_preset=&#8220;default&#8220; global_colors_info=&#8220;{}&#8220;][et_pb_image src=&#8220;https:\/\/kath-gesellenhaus.de\/wp-content\/uploads\/2023\/10\/JWKH-Logo-2.jpg&#8220; alt=&#8220;JWKH&#8220; title_text=&#8220;JWKH-D\u00e4britz-.indd&#8220; url=&#8220;https:\/\/www.kolping-jugendwohnen.de\/haus\/azubiwohnen-duesseldorf\/&#8220; _builder_version=&#8220;4.27.0&#8243; _module_preset=&#8220;default&#8220; global_colors_info=&#8220;{}&#8220;][\/et_pb_image][\/et_pb_column][et_pb_column type=&#8220;1_3&#8243; _builder_version=&#8220;4.20.0&#8243; _module_preset=&#8220;default&#8220; global_colors_info=&#8220;{}&#8220;][et_pb_image src=&#8220;https:\/\/kath-gesellenhaus.de\/wp-content\/uploads\/2023\/10\/THJW-Logo-1.jpg&#8220; alt=&#8220;THJW&#8220; title_text=&#8220;JWKH-D\u00e4britz-.indd&#8220; url=&#8220;https:\/\/kath-gesellenhaus.de\/junges-wohnen-im-townhouse\/&#8220; _builder_version=&#8220;4.22.2&#8243; _module_preset=&#8220;default&#8220; global_colors_info=&#8220;{}&#8220;][\/et_pb_image][\/et_pb_column][et_pb_column type=&#8220;1_3&#8243; _builder_version=&#8220;4.20.0&#8243; _module_preset=&#8220;default&#8220; global_colors_info=&#8220;{}&#8220;][et_pb_image src=&#8220;https:\/\/kath-gesellenhaus.de\/wp-content\/uploads\/2023\/10\/TH-Logo-1.jpg&#8220; alt=&#8220;TH&#8220; title_text=&#8220;JWKH-D\u00e4britz-.indd&#8220; url=&#8220;https:\/\/townhouseduesseldorf.de&#8220; url_new_window=&#8220;on&#8220; _builder_version=&#8220;4.22.2&#8243; _module_preset=&#8220;default&#8220; global_colors_info=&#8220;{}&#8220;][\/et_pb_image][\/et_pb_column][\/et_pb_row][\/et_pb_section]<\/p>\n","protected":false},"excerpt":{"rendered":"<p>&nbsp; &nbsp; &nbsp; &nbsp; &nbsp; &nbsp; &nbsp;&nbsp; &nbsp; &nbsp;&nbsp; &nbsp; &nbsp;&nbsp; &nbsp; &nbsp;&nbsp; &nbsp; &nbsp;Herzlich willkommen beim Verein Katholisches Gesellenhaus!Zentral im Herzen der Stadt D\u00fcsseldorf gelegen, bieten unsere Einrichtungen moderne Wohnm\u00f6glichkeiten f\u00fcr Menschen in der Ausbildung, im Studium oder w\u00e4hrend eines Praktikums. Unser Hotel beherbergt gerne G\u00e4ste aus aller Welt und ist ein idealer Ort [&hellip;]<\/p>\n","protected":false},"author":1,"featured_media":0,"parent":0,"menu_order":0,"comment_status":"closed","ping_status":"closed","template":"","meta":{"_et_pb_use_builder":"on","_et_pb_old_content":"<!-- wp:divi\/placeholder \/-->","_et_gb_content_width":"","footnotes":""},"yoast_head":"<!-- This site is optimized with the Yoast SEO plugin v22.6 - https:\/\/yoast.com\/wordpress\/plugins\/seo\/ -->\n<title>Home - kath-gesellenhaus<\/title>\n<meta name=\"robots\" content=\"index, follow, max-snippet:-1, max-image-preview:large, max-video-preview:-1\" \/>\n<link rel=\"canonical\" href=\"https:\/\/kath-gesellenhaus.de\/en\/\" \/>\n<meta property=\"og:locale\" content=\"en_GB\" \/>\n<meta property=\"og:type\" content=\"article\" \/>\n<meta property=\"og:title\" content=\"Home - kath-gesellenhaus\" \/>\n<meta property=\"og:description\" content=\"&nbsp; &nbsp; &nbsp; &nbsp; &nbsp; &nbsp; &nbsp;&nbsp; &nbsp; &nbsp;&nbsp; &nbsp; &nbsp;&nbsp; &nbsp; &nbsp;&nbsp; &nbsp; &nbsp;Herzlich willkommen beim Verein Katholisches Gesellenhaus!Zentral im Herzen der Stadt D\u00fcsseldorf gelegen, bieten unsere Einrichtungen moderne Wohnm\u00f6glichkeiten f\u00fcr Menschen in der Ausbildung, im Studium oder w\u00e4hrend eines Praktikums. Unser Hotel beherbergt gerne G\u00e4ste aus aller Welt und ist ein idealer Ort [&hellip;]\" \/>\n<meta property=\"og:url\" content=\"https:\/\/kath-gesellenhaus.de\/en\/\" \/>\n<meta property=\"og:site_name\" content=\"kath-gesellenhaus\" \/>\n<meta property=\"article:modified_time\" content=\"2024-08-01T09:03:07+00:00\" \/>\n<meta name=\"twitter:card\" content=\"summary_large_image\" \/>\n<script type=\"application\/ld+json\" class=\"yoast-schema-graph\">{\"@context\":\"https:\/\/schema.org\",\"@graph\":[{\"@type\":\"WebPage\",\"@id\":\"https:\/\/kath-gesellenhaus.de\/\",\"url\":\"https:\/\/kath-gesellenhaus.de\/\",\"name\":\"Home - kath-gesellenhaus\",\"isPartOf\":{\"@id\":\"https:\/\/kath-gesellenhaus.de\/#website\"},\"datePublished\":\"2023-10-10T14:07:44+00:00\",\"dateModified\":\"2024-08-01T09:03:07+00:00\",\"breadcrumb\":{\"@id\":\"https:\/\/kath-gesellenhaus.de\/#breadcrumb\"},\"inLanguage\":\"en-GB\",\"potentialAction\":[{\"@type\":\"ReadAction\",\"target\":[\"https:\/\/kath-gesellenhaus.de\/\"]}]},{\"@type\":\"BreadcrumbList\",\"@id\":\"https:\/\/kath-gesellenhaus.de\/#breadcrumb\",\"itemListElement\":[{\"@type\":\"ListItem\",\"position\":1,\"name\":\"Startseite\",\"item\":\"https:\/\/kath-gesellenhaus.de\/\"},{\"@type\":\"ListItem\",\"position\":2,\"name\":\"Home\"}]},{\"@type\":\"WebSite\",\"@id\":\"https:\/\/kath-gesellenhaus.de\/#website\",\"url\":\"https:\/\/kath-gesellenhaus.de\/\",\"name\":\"kath-gesellenhaus\",\"description\":\"\",\"potentialAction\":[{\"@type\":\"SearchAction\",\"target\":{\"@type\":\"EntryPoint\",\"urlTemplate\":\"https:\/\/kath-gesellenhaus.de\/?s={search_term_string}\"},\"query-input\":\"required name=search_term_string\"}],\"inLanguage\":\"en-GB\"}]}<\/script>\n<!-- \/ Yoast SEO plugin. -->","yoast_head_json":{"title":"Home - kath-gesellenhaus","robots":{"index":"index","follow":"follow","max-snippet":"max-snippet:-1","max-image-preview":"max-image-preview:large","max-video-preview":"max-video-preview:-1"},"canonical":"https:\/\/kath-gesellenhaus.de\/en\/","og_locale":"en_GB","og_type":"article","og_title":"Home - kath-gesellenhaus","og_description":"&nbsp; &nbsp; &nbsp; &nbsp; &nbsp; &nbsp; &nbsp;&nbsp; &nbsp; &nbsp;&nbsp; &nbsp; &nbsp;&nbsp; &nbsp; &nbsp;&nbsp; &nbsp; &nbsp;Herzlich willkommen beim Verein Katholisches Gesellenhaus!Zentral im Herzen der Stadt D\u00fcsseldorf gelegen, bieten unsere Einrichtungen moderne Wohnm\u00f6glichkeiten f\u00fcr Menschen in der Ausbildung, im Studium oder w\u00e4hrend eines Praktikums. Unser Hotel beherbergt gerne G\u00e4ste aus aller Welt und ist ein idealer Ort [&hellip;]","og_url":"https:\/\/kath-gesellenhaus.de\/en\/","og_site_name":"kath-gesellenhaus","article_modified_time":"2024-08-01T09:03:07+00:00","twitter_card":"summary_large_image","schema":{"@context":"https:\/\/schema.org","@graph":[{"@type":"WebPage","@id":"https:\/\/kath-gesellenhaus.de\/","url":"https:\/\/kath-gesellenhaus.de\/","name":"Home - kath-gesellenhaus","isPartOf":{"@id":"https:\/\/kath-gesellenhaus.de\/#website"},"datePublished":"2023-10-10T14:07:44+00:00","dateModified":"2024-08-01T09:03:07+00:00","breadcrumb":{"@id":"https:\/\/kath-gesellenhaus.de\/#breadcrumb"},"inLanguage":"en-GB","potentialAction":[{"@type":"ReadAction","target":["https:\/\/kath-gesellenhaus.de\/"]}]},{"@type":"BreadcrumbList","@id":"https:\/\/kath-gesellenhaus.de\/#breadcrumb","itemListElement":[{"@type":"ListItem","position":1,"name":"Startseite","item":"https:\/\/kath-gesellenhaus.de\/"},{"@type":"ListItem","position":2,"name":"Home"}]},{"@type":"WebSite","@id":"https:\/\/kath-gesellenhaus.de\/#website","url":"https:\/\/kath-gesellenhaus.de\/","name":"kath-gesellenhaus","description":"","potentialAction":[{"@type":"SearchAction","target":{"@type":"EntryPoint","urlTemplate":"https:\/\/kath-gesellenhaus.de\/?s={search_term_string}"},"query-input":"required name=search_term_string"}],"inLanguage":"en-GB"}]}},"_links":{"self":[{"href":"https:\/\/kath-gesellenhaus.de\/en\/wp-json\/wp\/v2\/pages\/39"}],"collection":[{"href":"https:\/\/kath-gesellenhaus.de\/en\/wp-json\/wp\/v2\/pages"}],"about":[{"href":"https:\/\/kath-gesellenhaus.de\/en\/wp-json\/wp\/v2\/types\/page"}],"author":[{"embeddable":true,"href":"https:\/\/kath-gesellenhaus.de\/en\/wp-json\/wp\/v2\/users\/1"}],"replies":[{"embeddable":true,"href":"https:\/\/kath-gesellenhaus.de\/en\/wp-json\/wp\/v2\/comments?post=39"}],"version-history":[{"count":7,"href":"https:\/\/kath-gesellenhaus.de\/en\/wp-json\/wp\/v2\/pages\/39\/revisions"}],"predecessor-version":[{"id":1596,"href":"https:\/\/kath-gesellenhaus.de\/en\/wp-json\/wp\/v2\/pages\/39\/revisions\/1596"}],"wp:attachment":[{"href":"https:\/\/kath-gesellenhaus.de\/en\/wp-json\/wp\/v2\/media?parent=39"}],"curies":[{"name":"wp","href":"https:\/\/api.w.org\/{rel}","templated":true}]}}